{"id":380,"date":"2024-06-21T10:18:49","date_gmt":"2024-06-21T08:18:49","guid":{"rendered":"https:\/\/stephanemasson.fr\/?page_id=380"},"modified":"2025-01-20T10:13:28","modified_gmt":"2025-01-20T09:13:28","slug":"supercube","status":"publish","type":"page","link":"https:\/\/stephanemasson.fr\/?page_id=380","title":{"rendered":"SUPERCUBE"},"content":{"rendered":"\t\t<div data-elementor-type=\"wp-page\" data-elementor-id=\"380\" class=\"elementor elementor-380\">\n\t\t\t\t<div class=\"elementor-element elementor-element-466bc21f e-flex e-con-boxed e-con e-parent\" data-id=\"466bc21f\" data-element_type=\"container\" data-e-type=\"container\">\n\t\t\t\t\t<div class=\"e-con-inner\">\n\t\t\t\t<div class=\"elementor-element elementor-element-5c0e5908 elementor-widget elementor-widget-text-editor\" data-id=\"5c0e5908\" data-element_type=\"widget\" data-e-type=\"widget\" data-widget_type=\"text-editor.default\">\n\t\t\t\t<div class=\"elementor-widget-container\">\n\t\t\t\t\t\t\t\t\t<div data-colibri-id=\"380-c1\" class=\"style-682 style-local-380-c1 position-relative\">\n  <!---->\n  <div data-colibri-component=\"section\" data-colibri-id=\"380-c2\" id=\"initial-content\" class=\"h-section h-section-global-spacing d-flex align-items-lg-center align-items-md-center align-items-center style-683 style-local-380-c2 position-relative\">\n    <!---->\n    <!---->\n    <div class=\"h-section-grid-container h-section-fluid-container\">\n      <!---->\n      <div data-colibri-id=\"380-c3\" class=\"h-row-container gutters-row-lg-0 gutters-row-md-0 gutters-row-0 gutters-row-v-lg-0 gutters-row-v-md-0 gutters-row-v-0 style-684 style-local-380-c3 position-relative\">\n        <!---->\n        <div class=\"h-row justify-content-lg-center justify-content-md-center justify-content-center align-items-lg-stretch align-items-md-stretch align-items-stretch gutters-col-lg-0 gutters-col-md-0 gutters-col-0 gutters-col-v-lg-0 gutters-col-v-md-0 gutters-col-v-0\">\n          <!---->\n          <div class=\"h-column h-column-container d-flex h-col-lg h-col-md-auto h-col-auto style-685-outer style-local-380-c4-outer\">\n            <div data-colibri-id=\"380-c4\" class=\"d-flex h-flex-basis h-column__inner h-px-lg-0 h-px-md-0 h-px-0 v-inner-lg-0 v-inner-md-0 v-inner-0 style-685 style-local-380-c4 position-relative\">\n              <!---->\n              <!---->\n              <div class=\"w-100 h-y-container h-column__content h-column__v-align flex-basis-100 align-self-lg-start align-self-md-start align-self-start\">\n                <!---->\n                <div data-colibri-id=\"380-c5\" class=\"style-686 style-local-380-c5 position-relative h-element\">\n                  <!---->\n                  <div>\n                    \n                    <figure class=\"wp-block-video aligncenter\">\n                      <video height=\"1080\" style=\"aspect-ratio: 1920 \/ 1080;\" width=\"1920\" controls=\"\" src=\"https:\/\/stephanemasson.fr\/wp-content\/uploads\/2024\/06\/supercube-site-2024-son.mov\"><\/video>\n                    <\/figure>\n                    \n\n                    \n                    <p><\/p>\n                    \n                  <\/div>\n                <\/div>\n              <\/div>\n            <\/div>\n          <\/div>\n        <\/div>\n      <\/div>\n    <\/div>\n  <\/div>\n  <div data-colibri-component=\"section\" data-colibri-id=\"380-c6\" id=\"custom\" class=\"h-section h-section-global-spacing d-flex align-items-lg-center align-items-md-center align-items-center style-687 style-local-380-c6 position-relative\">\n    <!---->\n    <!---->\n    <div class=\"h-section-grid-container h-section-boxed-container\">\n      <div data-colibri-id=\"380-c12\" class=\"h-row-container gutters-row-lg-2 gutters-row-md-2 gutters-row-0 gutters-row-v-lg-2 gutters-row-v-md-2 gutters-row-v-2 style-693 style-local-380-c12 position-relative\">\n        <!---->\n        <div class=\"h-row justify-content-lg-center justify-content-md-center justify-content-center align-items-lg-stretch align-items-md-stretch align-items-stretch gutters-col-lg-2 gutters-col-md-2 gutters-col-0 gutters-col-v-lg-2 gutters-col-v-md-2 gutters-col-v-2\">\n          <!---->\n          <div class=\"h-column h-column-container d-flex h-col-lg-auto h-col-md-auto h-col-auto style-694-outer style-local-380-c13-outer\">\n            <div data-colibri-id=\"380-c13\" class=\"d-flex h-flex-basis h-column__inner h-px-lg-2 h-px-md-2 h-px-2 v-inner-lg-2 v-inner-md-2 v-inner-2 style-694 style-local-380-c13 position-relative\">\n              <!---->\n              <!---->\n              <div class=\"w-100 h-y-container h-column__content h-column__v-align flex-basis-100 align-self-lg-start align-self-md-start align-self-start\">\n                <!---->\n                <div data-colibri-id=\"380-c14\" class=\"h-global-transition-all h-heading style-695 style-local-380-c14 position-relative h-element\">\n                  <!---->\n                  <div class=\"h-heading__outer style-695 style-local-380-c14\">\n                    <!---->\n                    <!---->\n                    <h2 class=\"\">SUPERCUBE The Incredible Collection<\/h2>\n                  <\/div>\n                <\/div>\n                <div data-colibri-id=\"380-c15\" class=\"h-text h-text-component style-696 style-local-380-c15 position-relative h-element\">\n                  <!---->\n                  <!---->\n                  <div class=\"\">\n                    <p>The Supercube is a collection of 240 jars aligned, stacked.<\/p>\n                    <p>Each jar contains a living miniature 12 cm hight.<\/p>\n                    <p>R\u00e9tro projection gives the illision from a cr\u00e9ature is enclosed inside each jar.<\/p>\n                    <p>A vid\u00e9o device allows to be miniaturized live and be built somewhere in the supercube.<\/p>\n                  <\/div>\n                <\/div>\n              <\/div>\n            <\/div>\n          <\/div>\n        <\/div>\n      <\/div>\n      <div data-colibri-id=\"380-c9\" class=\"h-row-container gutters-row-lg-2 gutters-row-md-2 gutters-row-0 gutters-row-v-lg-2 gutters-row-v-md-2 gutters-row-v-2 style-690 style-local-380-c9 position-relative\">\n        <!---->\n        <div class=\"h-row justify-content-lg-center justify-content-md-center justify-content-center align-items-lg-stretch align-items-md-stretch align-items-stretch gutters-col-lg-2 gutters-col-md-2 gutters-col-0 gutters-col-v-lg-2 gutters-col-v-md-2 gutters-col-v-2\">\n          <!---->\n          <div class=\"h-column h-column-container d-flex h-col-lg-auto h-col-md-auto h-col-auto style-691-outer style-local-380-c10-outer\">\n            <div data-colibri-id=\"380-c10\" class=\"d-flex h-flex-basis h-column__inner h-px-lg-2 h-px-md-2 h-px-2 v-inner-lg-2 v-inner-md-2 v-inner-2 style-691 style-local-380-c10 position-relative\">\n              <!---->\n              <!---->\n              <div class=\"w-100 h-y-container h-column__content h-column__v-align flex-basis-100 align-self-lg-start align-self-md-start align-self-start\">\n                <!---->\n                <div data-colibri-id=\"380-c16\" class=\"d-block style-697 style-local-380-c16 position-relative h-element\">\n                  <!---->\n                  <div class=\"h-image__frame-container-outer\">\n                    <div class=\"h-image__frame-container\">\n                      <!---->\n                      <!---->\n                      <img fetchpriority=\"high\" decoding=\"async\" width=\"852\" height=\"852\" src=\"https:\/\/stephanemasson.fr\/wp-content\/uploads\/2024\/06\/cropped-cropped-B341.tmp_-scaled-1-1.jpg\" class=\"wp-image-845 style-697-image style-local-380-c16-image\" alt=\"\" srcset=\"https:\/\/stephanemasson.fr\/wp-content\/uploads\/2024\/06\/cropped-cropped-B341.tmp_-scaled-1-1.jpg 852w, https:\/\/stephanemasson.fr\/wp-content\/uploads\/2024\/06\/cropped-cropped-B341.tmp_-scaled-1-1-300x300.jpg 300w, https:\/\/stephanemasson.fr\/wp-content\/uploads\/2024\/06\/cropped-cropped-B341.tmp_-scaled-1-1-150x150.jpg 150w, https:\/\/stephanemasson.fr\/wp-content\/uploads\/2024\/06\/cropped-cropped-B341.tmp_-scaled-1-1-768x768.jpg 768w\" sizes=\"(max-width: 852px) 100vw, 852px\" \/>\n                      <div class=\"h-image__frame h-hide-lg h-hide-md h-hide-sm style-697-frameImage style-local-380-c16-frameImage\"><\/div>\n                    <\/div>\n                  <\/div>\n                <\/div>\n              <\/div>\n            <\/div>\n          <\/div>\n        <\/div>\n      <\/div>\n      <div data-colibri-id=\"380-c7\" class=\"h-row-container gutters-row-lg-2 gutters-row-md-2 gutters-row-0 gutters-row-v-lg-2 gutters-row-v-md-2 gutters-row-v-2 style-688 style-local-380-c7 position-relative\">\n        <!---->\n        <div class=\"h-row justify-content-lg-center justify-content-md-center justify-content-center align-items-lg-stretch align-items-md-stretch align-items-stretch gutters-col-lg-2 gutters-col-md-2 gutters-col-0 gutters-col-v-lg-2 gutters-col-v-md-2 gutters-col-v-2\">\n          <!---->\n          <div class=\"h-column h-column-container d-flex h-col-lg-auto h-col-md-auto h-col-auto style-689-outer style-local-380-c8-outer\">\n            <div data-colibri-id=\"380-c8\" class=\"d-flex h-flex-basis h-column__inner h-px-lg-2 h-px-md-2 h-px-2 v-inner-lg-2 v-inner-md-2 v-inner-2 style-689 style-local-380-c8 position-relative\">\n              <!---->\n              <!---->\n              <div class=\"w-100 h-y-container h-column__content h-column__v-align flex-basis-100 align-self-lg-start align-self-md-start align-self-start\">\n                <!---->\n                <div data-colibri-id=\"380-c17\" class=\"d-block style-698 style-local-380-c17 position-relative h-element\">\n                  <!---->\n                  <div class=\"h-image__frame-container-outer\">\n                    <div class=\"h-image__frame-container\">\n                      <!---->\n                      <!---->\n                      <img decoding=\"async\" width=\"558\" height=\"372\" src=\"https:\/\/stephanemasson.fr\/wp-content\/uploads\/2024\/06\/ff063b7d1ef5983dd4b11e142b9ff26e_560x372.jpg\" class=\"wp-image-181 style-698-image style-local-380-c17-image\" alt=\"\" srcset=\"https:\/\/stephanemasson.fr\/wp-content\/uploads\/2024\/06\/ff063b7d1ef5983dd4b11e142b9ff26e_560x372.jpg 558w, https:\/\/stephanemasson.fr\/wp-content\/uploads\/2024\/06\/ff063b7d1ef5983dd4b11e142b9ff26e_560x372-300x200.jpg 300w\" sizes=\"(max-width: 558px) 100vw, 558px\" \/>\n                      <div class=\"h-image__frame h-hide-lg h-hide-md h-hide-sm style-698-frameImage style-local-380-c17-frameImage\"><\/div>\n                    <\/div>\n                  <\/div>\n                <\/div>\n              <\/div>\n            <\/div>\n          <\/div>\n        <\/div>\n      <\/div>\n      <div data-colibri-id=\"380-c21\" class=\"h-row-container gutters-row-lg-2 gutters-row-md-2 gutters-row-0 gutters-row-v-lg-2 gutters-row-v-md-2 gutters-row-v-2 style-702 style-local-380-c21 position-relative\">\n        <!---->\n        <div class=\"h-row justify-content-lg-center justify-content-md-center justify-content-center align-items-lg-stretch align-items-md-stretch align-items-stretch gutters-col-lg-2 gutters-col-md-2 gutters-col-0 gutters-col-v-lg-2 gutters-col-v-md-2 gutters-col-v-2\">\n          <!---->\n          <div class=\"h-column h-column-container d-flex h-col-lg-auto h-col-md-auto h-col-auto style-703-outer style-local-380-c22-outer\">\n            <div data-colibri-id=\"380-c22\" class=\"d-flex h-flex-basis h-column__inner h-px-lg-2 h-px-md-2 h-px-2 v-inner-lg-2 v-inner-md-2 v-inner-2 style-703 style-local-380-c22 position-relative\">\n              <!---->\n              <!---->\n              <div class=\"w-100 h-y-container h-column__content h-column__v-align flex-basis-100 align-self-lg-start align-self-md-start align-self-start\">\n                <!---->\n                <div data-colibri-id=\"380-c23\" class=\"d-block style-704 style-local-380-c23 position-relative h-element\">\n                  <!---->\n                  <div class=\"h-image__frame-container-outer\">\n                    <div class=\"h-image__frame-container\">\n                      <!---->\n                      <!---->\n                      <img decoding=\"async\" width=\"1586\" height=\"2180\" src=\"https:\/\/stephanemasson.fr\/wp-content\/uploads\/2024\/06\/20230127_125618.jpg\" class=\"wp-image-180 style-704-image style-local-380-c23-image\" alt=\"\" srcset=\"https:\/\/stephanemasson.fr\/wp-content\/uploads\/2024\/06\/20230127_125618.jpg 1586w, https:\/\/stephanemasson.fr\/wp-content\/uploads\/2024\/06\/20230127_125618-218x300.jpg 218w, https:\/\/stephanemasson.fr\/wp-content\/uploads\/2024\/06\/20230127_125618-745x1024.jpg 745w, https:\/\/stephanemasson.fr\/wp-content\/uploads\/2024\/06\/20230127_125618-768x1056.jpg 768w, https:\/\/stephanemasson.fr\/wp-content\/uploads\/2024\/06\/20230127_125618-1117x1536.jpg 1117w, https:\/\/stephanemasson.fr\/wp-content\/uploads\/2024\/06\/20230127_125618-1490x2048.jpg 1490w\" sizes=\"(max-width: 1586px) 100vw, 1586px\" \/>\n                      <div class=\"h-image__frame h-hide-lg h-hide-md h-hide-sm style-704-frameImage style-local-380-c23-frameImage\"><\/div>\n                    <\/div>\n                  <\/div>\n                <\/div>\n              <\/div>\n            <\/div>\n          <\/div>\n        <\/div>\n      <\/div>\n    <\/div>\n  <\/div>\n  <div data-colibri-component=\"section\" data-colibri-id=\"380-c18\" id=\"custom-2\" class=\"h-section h-section-global-spacing d-flex align-items-lg-center align-items-md-center align-items-center style-699 style-local-380-c18 position-relative\">\n    <!---->\n    <!---->\n    <div class=\"h-section-grid-container h-section-boxed-container\">\n      <!---->\n      <div data-colibri-id=\"380-c19\" class=\"h-row-container gutters-row-lg-2 gutters-row-md-2 gutters-row-0 gutters-row-v-lg-2 gutters-row-v-md-2 gutters-row-v-2 style-700 style-local-380-c19 position-relative\">\n        <!---->\n        <div class=\"h-row justify-content-lg-center justify-content-md-center justify-content-center align-items-lg-stretch align-items-md-stretch align-items-stretch gutters-col-lg-2 gutters-col-md-2 gutters-col-0 gutters-col-v-lg-2 gutters-col-v-md-2 gutters-col-v-2\">\n          <!---->\n          <div class=\"h-column h-column-container d-flex h-col-lg-auto h-col-md-auto h-col-auto style-701-outer style-local-380-c20-outer\">\n            <div data-colibri-id=\"380-c20\" class=\"d-flex h-flex-basis h-column__inner h-ui-empty-state-container h-px-lg-2 h-px-md-2 h-px-2 v-inner-lg-2 v-inner-md-2 v-inner-2 style-701 style-local-380-c20 position-relative\">\n              <!---->\n              <!---->\n              <div class=\"w-100 h-y-container h-column__content h-column__v-align flex-basis-100\">\n                <!---->\n              <\/div>\n            <\/div>\n          <\/div>\n        <\/div>\n      <\/div>\n    <\/div>\n  <\/div>\n<\/div>\t\t\t\t\t\t\t\t<\/div>\n\t\t\t\t<\/div>\n\t\t\t\t\t<\/div>\n\t\t\t\t<\/div>\n\t\t\t\t<\/div>\n\t\t","protected":false},"excerpt":{"rendered":"<p>SUPERCUBE The Incredible Collection The Supercube is a collection of 240 jars aligned, stacked. Each jar contains a living miniature 12 cm hight. R\u00e9tro projection gives the illision from a cr\u00e9ature is enclosed inside each jar. A vid\u00e9o device allows to be miniaturized live and be built somewhere in the supercube.<\/p>\n","protected":false},"author":1,"featured_media":0,"parent":0,"menu_order":0,"comment_status":"closed","ping_status":"closed","template":"elementor_header_footer","meta":{"footnotes":""},"class_list":["post-380","page","type-page","status-publish","hentry"],"_links":{"self":[{"href":"https:\/\/stephanemasson.fr\/index.php?rest_route=\/wp\/v2\/pages\/380","targetHints":{"allow":["GET"]}}],"collection":[{"href":"https:\/\/stephanemasson.fr\/index.php?rest_route=\/wp\/v2\/pages"}],"about":[{"href":"https:\/\/stephanemasson.fr\/index.php?rest_route=\/wp\/v2\/types\/page"}],"author":[{"embeddable":true,"href":"https:\/\/stephanemasson.fr\/index.php?rest_route=\/wp\/v2\/users\/1"}],"replies":[{"embeddable":true,"href":"https:\/\/stephanemasson.fr\/index.php?rest_route=%2Fwp%2Fv2%2Fcomments&post=380"}],"version-history":[{"count":12,"href":"https:\/\/stephanemasson.fr\/index.php?rest_route=\/wp\/v2\/pages\/380\/revisions"}],"predecessor-version":[{"id":1806,"href":"https:\/\/stephanemasson.fr\/index.php?rest_route=\/wp\/v2\/pages\/380\/revisions\/1806"}],"wp:attachment":[{"href":"https:\/\/stephanemasson.fr\/index.php?rest_route=%2Fwp%2Fv2%2Fmedia&parent=380"}],"curies":[{"name":"wp","href":"https:\/\/api.w.org\/{rel}","templated":true}]}}