{"id":379,"date":"2024-06-21T10:02:30","date_gmt":"2024-06-21T08:02:30","guid":{"rendered":"https:\/\/stephanemasson.fr\/?page_id=379"},"modified":"2024-06-26T09:59:37","modified_gmt":"2024-06-26T07:59:37","slug":"strange-lift","status":"publish","type":"page","link":"https:\/\/stephanemasson.fr\/?page_id=379","title":{"rendered":"STRANGE LIFT"},"content":{"rendered":"\n<figure class=\"wp-block-gallery has-nested-images columns-default is-cropped wp-block-gallery-1 is-layout-flex wp-block-gallery-is-layout-flex\">\n<figure class=\"wp-block-image size-large\"><a href=\"https:\/\/stephanemasson.fr\/wp-content\/uploads\/2024\/06\/ascensseur-etrange.jpg\"><img fetchpriority=\"high\" decoding=\"async\" width=\"640\" height=\"853\" data-id=\"187\" src=\"https:\/\/stephanemasson.fr\/wp-content\/uploads\/2024\/06\/ascensseur-etrange.jpg\" alt=\"\" class=\"wp-image-187\" srcset=\"https:\/\/stephanemasson.fr\/wp-content\/uploads\/2024\/06\/ascensseur-etrange.jpg 640w, https:\/\/stephanemasson.fr\/wp-content\/uploads\/2024\/06\/ascensseur-etrange-225x300.jpg 225w\" sizes=\"(max-width: 640px) 100vw, 640px\" \/><\/a><\/figure>\n\n\n\n<figure class=\"wp-block-image size-large\"><a href=\"https:\/\/stephanemasson.fr\/index.php\/aquarium-car\/\" rel=\"https:\/\/stephanemasson.fr\/index.php\/aquarium-car\/\"><img decoding=\"async\" width=\"424\" height=\"600\" data-id=\"189\" src=\"https:\/\/stephanemasson.fr\/wp-content\/uploads\/2024\/06\/N12_0907-1.jpg\" alt=\"\" class=\"wp-image-189\" srcset=\"https:\/\/stephanemasson.fr\/wp-content\/uploads\/2024\/06\/N12_0907-1.jpg 424w, https:\/\/stephanemasson.fr\/wp-content\/uploads\/2024\/06\/N12_0907-1-212x300.jpg 212w\" sizes=\"(max-width: 424px) 100vw, 424px\" \/><\/a><\/figure>\n\n\n\n<figure class=\"wp-block-image size-large\"><a href=\"https:\/\/stephanemasson.fr\/index.php\/aquarium-car\/\"><img decoding=\"async\" width=\"575\" height=\"1024\" data-id=\"188\" src=\"https:\/\/stephanemasson.fr\/wp-content\/uploads\/2024\/06\/DSC05132-575x1024.jpg\" alt=\"\" class=\"wp-image-188\" srcset=\"https:\/\/stephanemasson.fr\/wp-content\/uploads\/2024\/06\/DSC05132-575x1024.jpg 575w, https:\/\/stephanemasson.fr\/wp-content\/uploads\/2024\/06\/DSC05132-168x300.jpg 168w, https:\/\/stephanemasson.fr\/wp-content\/uploads\/2024\/06\/DSC05132-768x1369.jpg 768w, https:\/\/stephanemasson.fr\/wp-content\/uploads\/2024\/06\/DSC05132.jpg 827w\" sizes=\"(max-width: 575px) 100vw, 575px\" \/><\/a><\/figure>\n<\/figure>\n\n\n\n<figure class=\"wp-block-video\"><video height=\"1080\" style=\"aspect-ratio: 1920 \/ 1080;\" width=\"1920\" controls src=\"https:\/\/stephanemasson.fr\/wp-content\/uploads\/2024\/06\/ascensseur-site2-2024.mov\"><\/video><\/figure>\n\n\n\n<p>Place de l\u2019eau, dans le centre commercial la Part-Dieu, les chalands s\u2019activent \u00e0 leurs emplettes, quand soudain \u00e0 partir de 17h, les vitres des deux ascenseurs font apparaitre d\u2019\u00e9tonnantes images. Un cochon bruyant, une ch\u00e8vre m\u00e2chouillant, un pingouin barboteur, un lion arrogant, une poule perplexe ou une tortue d\u00e9sorient\u00e9e se succ\u00e8dent l\u00e0, dans une joyeuse cacophonie. Toujours en qu\u00eate d\u2019offrir un regard d\u00e9cal\u00e9 sur notre quotidien, St\u00e9phane Masson a \u00e9cr\u00e9m\u00e9 zoos, fermes et animaleries pour immortaliser tous ces animaux\u2026<\/p>\n","protected":false},"excerpt":{"rendered":"<p>Place de l\u2019eau, dans le centre commercial la Part-Dieu, les chalands s\u2019activent \u00e0 leurs emplettes, quand soudain \u00e0 partir de 17h, les vitres des deux ascenseurs font apparaitre d\u2019\u00e9tonnantes images. Un cochon bruyant, une ch\u00e8vre m\u00e2chouillant, un pingouin barboteur, un lion arrogant, une poule perplexe ou une tortue d\u00e9sorient\u00e9e se succ\u00e8dent l\u00e0, dans une joyeuse [&hellip;]<\/p>\n","protected":false},"author":1,"featured_media":0,"parent":0,"menu_order":0,"comment_status":"closed","ping_status":"closed","template":"page-templates\/full-width-page.php","meta":{"footnotes":""},"class_list":["post-379","page","type-page","status-publish","hentry"],"_links":{"self":[{"href":"https:\/\/stephanemasson.fr\/index.php?rest_route=\/wp\/v2\/pages\/379","targetHints":{"allow":["GET"]}}],"collection":[{"href":"https:\/\/stephanemasson.fr\/index.php?rest_route=\/wp\/v2\/pages"}],"about":[{"href":"https:\/\/stephanemasson.fr\/index.php?rest_route=\/wp\/v2\/types\/page"}],"author":[{"embeddable":true,"href":"https:\/\/stephanemasson.fr\/index.php?rest_route=\/wp\/v2\/users\/1"}],"replies":[{"embeddable":true,"href":"https:\/\/stephanemasson.fr\/index.php?rest_route=%2Fwp%2Fv2%2Fcomments&post=379"}],"version-history":[{"count":1,"href":"https:\/\/stephanemasson.fr\/index.php?rest_route=\/wp\/v2\/pages\/379\/revisions"}],"predecessor-version":[{"id":619,"href":"https:\/\/stephanemasson.fr\/index.php?rest_route=\/wp\/v2\/pages\/379\/revisions\/619"}],"wp:attachment":[{"href":"https:\/\/stephanemasson.fr\/index.php?rest_route=%2Fwp%2Fv2%2Fmedia&parent=379"}],"curies":[{"name":"wp","href":"https:\/\/api.w.org\/{rel}","templated":true}]}}